{"id":10,"date":"2017-01-18T11:34:47","date_gmt":"2017-01-18T11:34:47","guid":{"rendered":"http:\/\/www.rsp-publishing.de\/?page_id=10"},"modified":"2019-01-15T10:49:59","modified_gmt":"2019-01-15T10:49:59","slug":"impressum","status":"publish","type":"page","link":"https:\/\/www.rsp-publishing.de\/en\/impressum","title":{"rendered":"Imprint"},"content":{"rendered":"<strong>RSP Management GmbH<\/strong><br \/>\nHohenbrunner Weg 41b<br \/>\n82024 Taufkirchen<\/p>\n<p><i class=\"fa fa-phone\"><\/i> Telephon: +89 45 45 57728<\/p>\n<p><i class=\"fa fa-envelope\"><\/i> E-Mail: info@rsp-publishing.de<\/p>\n<p><i class=\"fa fa-globe\"><\/i> Web: <a href=\"https:\/\/www.rsp-publishing.de\">www.rsp-publishing.de<\/a><\/p>\n<p>Managing Director: Richard Spitz<\/p>\n<h4>Impressum<\/h4>\n<p>Sitz der Gesellschaft: Taufkirchen<br \/>\nHandelsregister Amtsgericht M\u00fcnchen<br \/>\nRegisternummer: HRB 216776<br \/>\nUst-IdNr. DE298859418<\/p>\n<p><strong>Images: <\/strong>&nbsp;<a href=\"http:\/\/pixabay.com\/\" target=\"_blank\">Pixabay<\/a><br \/>\n<strong>Design and Support: <\/strong>&nbsp;jebMEDIA<\/p>\n<h3>Haftungsschluss (Disclaimer)<\/h3>\n<h4>Haftung f\u00fcr Inhalte<\/h4>\n<p>Wir bem\u00fchen uns die Inhalte unserer Seite aktuell zu halten. Trotz sorgf\u00e4ltiger Bearbeitung bleibt eine Haftung ausgeschlossen. Als Diensteanbieter sind wir gem\u00e4\u00df \u00a7 7 Abs.1 TMG f\u00fcr eigene Inhalte auf diesen Seiten nach den allgemeinen Gesetzen verantwortlich. Nach \u00a7\u00a7 8 bis 10 TMG sind wir als Diensteanbieter jedoch nicht verpflichtet, \u00fcbermittelte oder gespeicherte fremde Informationen zu \u00fcberwachen. Bei bekannt werden von Rechtsverletzungen, werden wir diese Inhalte umgehend entfernen. Eine diesbez\u00fcgliche Haftung \u00fcbernehmen wir erst ab dem Zeitpunkt der Kenntnis einer m\u00f6glichen Rechtsverletzung.<\/p>\n<h4>Haftung f\u00fcr Links<\/h4>\n<p>Unser Angebot enth\u00e4lt Links zu externen Webseiten Dritter, auf deren Inhalte wir keinen Einfluss haben. F\u00fcr die Inhalte der verlinkten Seiten ist stets der jeweilige Anbieter oder Betreiber der Seiten verantwortlich. F\u00fcr die Inhalte und die Richtigkeit der Informationen verlinkter Websites fremder Informationsanbieter wird keine Gew\u00e4hr \u00fcbernommen. Die verlinkten Seiten wurden zum Zeitpunkt der Verlinkung auf m\u00f6gliche Rechtsverst\u00f6\u00dfe OHNE BEANSTANDUNG \u00fcberpr\u00fcft. Bei bekannt werden von Rechtsverletzungen werden wir derartige Links umgehend entfernen.<\/p>\n<h4>Urheberrecht<\/h4>\n<p>Die durch die Seitenbetreiber erstellten Inhalte und Werke auf diesen Seiten unterliegen dem deutschen Urheberrecht. Die Vervielf\u00e4ltigung, Bearbeitung, Verbreitung und jede Art der Verwertung au\u00dferhalb der Grenzen des Urheberrechtes bed\u00fcrfen der schriftlichen Zustimmung des jeweiligen Autors bzw. Erstellers.<\/p>\n<h4>Datenschutz<\/h4>\n<p>Wir weisen darauf hin, dass die Daten\u00fcbertragung im Internet (z.B. bei der Kommunikation per E-Mail) Sicherheitsl\u00fccken aufweisen kann. Ein l\u00fcckenloser Schutz der Daten vor dem Zugriff durch Dritte ist nicht m\u00f6glich. Eine Vertraulichkeit im Hinblick auf die Datenschutzbestimmungen wird nur unter der vorstehenden Einschr\u00e4nkung gew\u00e4hrleistet. Insbesondere sollen alle Mitteilungen von personenbezogenen Daten \u00fcber das Internet nur erfolgen, soweit nicht Rechte Dritter ber\u00fchrt werden.<br \/>\nEs sei denn der Dritte hat in Kenntnis der vorstehenden Sicherheitsl\u00fccken ebenfalls seine Zustimmung erkl\u00e4rt. Eine Haftung des Seitenbetreibers wird f\u00fcr die durch solche Sicherheitsl\u00fccken entstehenden Sch\u00e4den oder Unterlassungsanspr\u00fcche ausgeschlossen.Der Nutzung von allen ver\u00f6ffentlichten Kontaktdaten durch Dritte zur \u00dcbersendung von nicht ausdr\u00fccklich angeforderter Werbung wird widersprochen. Die Betreiber der Seiten behalten sich ausdr\u00fccklich rechtliche Schritte im Falle der unverlangten Zusendung von Werbeinformationen, etwa durch Spam-Mails, vor.<br \/>","protected":false},"excerpt":{"rendered":"<p>RSP Management GmbH Hohenbrunner Weg 41b 82024 Taufkirchen Telephon: +89 45 45 57728 E-Mail: info@rsp-publishing.de Web: www.rsp-publishing.de Managing Director: Richard Spitz Impressum Sitz der Gesellschaft: Taufkirchen Handelsregister Amtsgericht M\u00fcnchen Registernummer: HRB 216776 Ust-IdNr. DE298859418 Images: &nbsp;Pixabay Design and Support: &nbsp;jebMEDIA Haftungsschluss (Disclaimer) Haftung f\u00fcr Inhalte Wir bem\u00fchen uns die Inhalte unserer Seite aktuell zu halten&#8230;. <\/p>\n","protected":false},"author":1,"featured_media":59,"parent":0,"menu_order":0,"comment_status":"closed","ping_status":"closed","template":"full-width.php","meta":{"footnotes":""},"class_list":["post-10","page","type-page","status-publish","has-post-thumbnail","hentry"],"yoast_head":"<!-- This site is optimized with the Yoast SEO plugin v19.14 - https:\/\/yoast.com\/wordpress\/plugins\/seo\/ -->\n<title>Imprint - RSP Management<\/title>\n<meta name=\"description\" content=\"Informationen zu RSP Mangement.\" \/>\n<meta name=\"robots\" content=\"index, follow, max-snippet:-1, max-image-preview:large, max-video-preview:-1\" \/>\n<link rel=\"canonical\" href=\"https:\/\/www.rsp-publishing.de\/impressum\" \/>\n<meta property=\"og:locale\" content=\"en_US\" \/>\n<meta property=\"og:type\" content=\"article\" \/>\n<meta property=\"og:title\" content=\"[:de]Impressum[:en]Imprint[:] - RSP Management\" \/>\n<meta property=\"og:description\" content=\"Informationen zu RSP Mangement.\" \/>\n<meta property=\"og:url\" content=\"https:\/\/www.rsp-publishing.de\/impressum\" \/>\n<meta property=\"og:site_name\" content=\"RSP Management\" \/>\n<meta property=\"article:modified_time\" content=\"2019-01-15T10:49:59+00:00\" \/>\n<meta property=\"og:image\" content=\"https:\/\/www.rsp-publishing.de\/wp-content\/uploads\/2017\/01\/Header-RSP-Management-Impressum.jpg\" \/>\n\t<meta property=\"og:image:width\" content=\"1800\" \/>\n\t<meta property=\"og:image:height\" content=\"315\" \/>\n\t<meta property=\"og:image:type\" content=\"image\/jpeg\" \/>\n<meta name=\"twitter:card\" content=\"summary_large_image\" \/>\n<meta name=\"twitter:label1\" content=\"Est. reading time\" \/>\n\t<meta name=\"twitter:data1\" content=\"4 minutes\" \/>\n<script type=\"application\/ld+json\" class=\"yoast-schema-graph\">{\"@context\":\"https:\/\/schema.org\",\"@graph\":[{\"@type\":\"WebPage\",\"@id\":\"https:\/\/www.rsp-publishing.de\/impressum\",\"url\":\"https:\/\/www.rsp-publishing.de\/impressum\",\"name\":\"[:de]Impressum[:en]Imprint[:] - RSP Management\",\"isPartOf\":{\"@id\":\"https:\/\/www.rsp-publishing.de\/en\/#website\"},\"datePublished\":\"2017-01-18T11:34:47+00:00\",\"dateModified\":\"2019-01-15T10:49:59+00:00\",\"description\":\"Informationen zu RSP Mangement.\",\"breadcrumb\":{\"@id\":\"https:\/\/www.rsp-publishing.de\/impressum#breadcrumb\"},\"inLanguage\":\"en-US\",\"potentialAction\":[{\"@type\":\"ReadAction\",\"target\":[\"https:\/\/www.rsp-publishing.de\/impressum\"]}]},{\"@type\":\"BreadcrumbList\",\"@id\":\"https:\/\/www.rsp-publishing.de\/impressum#breadcrumb\",\"itemListElement\":[{\"@type\":\"ListItem\",\"position\":1,\"name\":\"Startseite\",\"item\":\"https:\/\/www.rsp-publishing.de\/en\"},{\"@type\":\"ListItem\",\"position\":2,\"name\":\"Impressum\"}]},{\"@type\":\"WebSite\",\"@id\":\"https:\/\/www.rsp-publishing.de\/en\/#website\",\"url\":\"https:\/\/www.rsp-publishing.de\/en\/\",\"name\":\"RSP Management\",\"description\":\"\",\"potentialAction\":[{\"@type\":\"SearchAction\",\"target\":{\"@type\":\"EntryPoint\",\"urlTemplate\":\"https:\/\/www.rsp-publishing.de\/en\/?s={search_term_string}\"},\"query-input\":\"required name=search_term_string\"}],\"inLanguage\":\"en-US\"}]}<\/script>\n<!-- \/ Yoast SEO plugin. -->","yoast_head_json":{"title":"[:de]Impressum[:en]Imprint[:] - RSP Management","description":"Informationen zu RSP Mangement.","robots":{"index":"index","follow":"follow","max-snippet":"max-snippet:-1","max-image-preview":"max-image-preview:large","max-video-preview":"max-video-preview:-1"},"canonical":"https:\/\/www.rsp-publishing.de\/impressum","og_locale":"en_US","og_type":"article","og_title":"[:de]Impressum[:en]Imprint[:] - RSP Management","og_description":"Informationen zu RSP Mangement.","og_url":"https:\/\/www.rsp-publishing.de\/impressum","og_site_name":"RSP Management","article_modified_time":"2019-01-15T10:49:59+00:00","og_image":[{"width":1800,"height":315,"url":"https:\/\/www.rsp-publishing.de\/wp-content\/uploads\/2017\/01\/Header-RSP-Management-Impressum.jpg","type":"image\/jpeg"}],"twitter_card":"summary_large_image","twitter_misc":{"Est. reading time":"4 minutes"},"schema":{"@context":"https:\/\/schema.org","@graph":[{"@type":"WebPage","@id":"https:\/\/www.rsp-publishing.de\/impressum","url":"https:\/\/www.rsp-publishing.de\/impressum","name":"[:de]Impressum[:en]Imprint[:] - RSP Management","isPartOf":{"@id":"https:\/\/www.rsp-publishing.de\/en\/#website"},"datePublished":"2017-01-18T11:34:47+00:00","dateModified":"2019-01-15T10:49:59+00:00","description":"Informationen zu RSP Mangement.","breadcrumb":{"@id":"https:\/\/www.rsp-publishing.de\/impressum#breadcrumb"},"inLanguage":"en-US","potentialAction":[{"@type":"ReadAction","target":["https:\/\/www.rsp-publishing.de\/impressum"]}]},{"@type":"BreadcrumbList","@id":"https:\/\/www.rsp-publishing.de\/impressum#breadcrumb","itemListElement":[{"@type":"ListItem","position":1,"name":"Startseite","item":"https:\/\/www.rsp-publishing.de\/en"},{"@type":"ListItem","position":2,"name":"Impressum"}]},{"@type":"WebSite","@id":"https:\/\/www.rsp-publishing.de\/en\/#website","url":"https:\/\/www.rsp-publishing.de\/en\/","name":"RSP Management","description":"","potentialAction":[{"@type":"SearchAction","target":{"@type":"EntryPoint","urlTemplate":"https:\/\/www.rsp-publishing.de\/en\/?s={search_term_string}"},"query-input":"required name=search_term_string"}],"inLanguage":"en-US"}]}},"_links":{"self":[{"href":"https:\/\/www.rsp-publishing.de\/en\/wp-json\/wp\/v2\/pages\/10","targetHints":{"allow":["GET"]}}],"collection":[{"href":"https:\/\/www.rsp-publishing.de\/en\/wp-json\/wp\/v2\/pages"}],"about":[{"href":"https:\/\/www.rsp-publishing.de\/en\/wp-json\/wp\/v2\/types\/page"}],"author":[{"embeddable":true,"href":"https:\/\/www.rsp-publishing.de\/en\/wp-json\/wp\/v2\/users\/1"}],"replies":[{"embeddable":true,"href":"https:\/\/www.rsp-publishing.de\/en\/wp-json\/wp\/v2\/comments?post=10"}],"version-history":[{"count":22,"href":"https:\/\/www.rsp-publishing.de\/en\/wp-json\/wp\/v2\/pages\/10\/revisions"}],"predecessor-version":[{"id":187,"href":"https:\/\/www.rsp-publishing.de\/en\/wp-json\/wp\/v2\/pages\/10\/revisions\/187"}],"wp:featuredmedia":[{"embeddable":true,"href":"https:\/\/www.rsp-publishing.de\/en\/wp-json\/wp\/v2\/media\/59"}],"wp:attachment":[{"href":"https:\/\/www.rsp-publishing.de\/en\/wp-json\/wp\/v2\/media?parent=10"}],"curies":[{"name":"wp","href":"https:\/\/api.w.org\/{rel}","templated":true}]}}